{"id":12503,"date":"2021-11-26T20:21:26","date_gmt":"2021-11-26T20:21:26","guid":{"rendered":"https:\/\/campitocha.com\/?page_id=12503"},"modified":"2021-11-26T20:39:37","modified_gmt":"2021-11-26T20:39:37","slug":"politica-de-privacidade","status":"publish","type":"page","link":"https:\/\/campitocha.com\/?page_id=12503","title":{"rendered":"Pol\u00edtica de Privacidade"},"content":{"rendered":"<p>[et_pb_section fb_built=&#8221;1&#8243; _builder_version=&#8221;4.14.1&#8243; _module_preset=&#8221;default&#8221; custom_padding=&#8221;100px||100px||false|false&#8221; global_colors_info=&#8221;{}&#8221;][et_pb_row _builder_version=&#8221;4.14.1&#8243; _module_preset=&#8221;default&#8221; hover_enabled=&#8221;0&#8243; global_colors_info=&#8221;{}&#8221; sticky_enabled=&#8221;0&#8243; custom_padding=&#8221;||14px|||&#8221;][et_pb_column type=&#8221;4_4&#8243; _builder_version=&#8221;4.14.1&#8243; _module_preset=&#8221;default&#8221; global_colors_info=&#8221;{}&#8221;][et_pb_text _builder_version=&#8221;4.14.1&#8243; _module_preset=&#8221;default&#8221; header_font=&#8221;|700|||||||&#8221; global_colors_info=&#8221;{}&#8221;]<\/p>\n<h1>POL\u00cdTICA DE PRIVACIDADE<\/h1>\n<p>[\/et_pb_text][\/et_pb_column][\/et_pb_row][et_pb_row _builder_version=&#8221;4.14.1&#8243; _module_preset=&#8221;default&#8221; global_colors_info=&#8221;{}&#8221;][et_pb_column type=&#8221;4_4&#8243; _builder_version=&#8221;4.14.1&#8243; _module_preset=&#8221;default&#8221; global_colors_info=&#8221;{}&#8221;][et_pb_text _builder_version=&#8221;4.14.1&#8243; _module_preset=&#8221;default&#8221; global_colors_info=&#8221;{}&#8221;]<\/p>\n<p>A Campitocha, assume como sendo seu preceito, estar alinhada com princ\u00edpios que fortale\u00e7am a transpar\u00eancia e a \u00e9tica, atuando de forma respons\u00e1vel nos mercados onde se insere e nas rela\u00e7\u00f5es que estabelece, cumprindo as exig\u00eancias legais que lhe s\u00e3o aplic\u00e1veis, nas quais se inclui a prote\u00e7\u00e3o da privacidade e dos dados pessoais.<\/p>\n<p>No \u00e2mbito da sua atividade comercial a Campitocha recolhe e trata apenas os dados pessoais estritamente necess\u00e1rios \u00e0s finalidades para as quais s\u00e3o tratados, nomeadamente, as finalidades de gest\u00e3o contratual e dilig\u00eancias pr\u00e9-contratuais, gest\u00e3o de processos de recrutamento, gest\u00e3o de est\u00e1gios e gest\u00e3o de participa\u00e7\u00e3o em concursos p\u00fablicos.<\/p>\n<p>A Campitocha, na qualidade de respons\u00e1vel pelo tratamento, trata os dados pessoais de forma leg\u00edtima, confidencial e limitada \u00e0s finalidades espec\u00edficas para as quais os dados foram recolhidos, implementando para o efeito medidas que garantem a confidencialidade, integridade e disponibilidade dos dados.<\/p>\n<p>Nos termos da legisla\u00e7\u00e3o aplic\u00e1vel \u00e0 prote\u00e7\u00e3o de dados pessoais os titulares dos dados disp\u00f5em dos direitos de acesso, retifica\u00e7\u00e3o, elimina\u00e7\u00e3o, limita\u00e7\u00e3o do tratamento, portabilidade dos dados, oposi\u00e7\u00e3o ao tratamento e ainda o direito de apresentar reclama\u00e7\u00f5es perante a autoridade de controlo. O titular dos dados tem ainda o direito a retirar o seu consentimento a qualquer momento, caso este seja a condi\u00e7\u00e3o de legitimidade para o tratamento efetuado.<\/p>\n<p>Caso pretenda exercer algum dos direitos referidos, ou esclarecer quest\u00f5es relacionadas com a forma como a Campitocha trata dos dados pessoais de que \u00e9 respons\u00e1vel, pode faz\u00ea-lo atrav\u00e9s de carta ou correio eletr\u00f3nico para o seguinte contacto:<\/p>\n<p><strong>Campitocha \u2013 Artigos de Campismo e Serralharia, Lda.<\/strong><br \/>Rua Principal, 1333<br \/>Carreiros<br \/>3060-801 Sanguinheira<\/p>\n<p>(+351) 231 443 777<br \/><a href=\"mailto:campitocha@campitocha.com\">campitocha@campitocha.com<\/a><\/p>\n<p>A Campitocha poder\u00e1 tamb\u00e9m comunicar os seus dados pessoais a entidades terceiras para efeitos do cumprimento de obriga\u00e7\u00f5es legais, bem assim como a outras entidades tidas como necess\u00e1rias para execu\u00e7\u00e3o das finalidades em cima identificadas, nomeadamente prestadores de servi\u00e7os inform\u00e1ticos e empresas de arquivo documental.<\/p>\n<p>A Campitocha assegura a implementa\u00e7\u00e3o e manuten\u00e7\u00e3o de medidas, a n\u00edvel t\u00e9cnico e organizativo, que garantem um grau de seguran\u00e7a adequado contra a destrui\u00e7\u00e3o, perda, divulga\u00e7\u00e3o ou acesso n\u00e3o autorizados dos dados pessoais tratados e conservados.<\/p>\n<p>Os dados pessoais s\u00e3o conservados pelo tempo estritamente necess\u00e1rio \u00e0s finalidades para as quais s\u00e3o tratados, respeitando as obriga\u00e7\u00f5es legais e regulamentares aplic\u00e1veis.<\/p>\n<p>A legisla\u00e7\u00e3o referente \u00e0 prote\u00e7\u00e3o de dados pessoais est\u00e1 sujeita a atualiza\u00e7\u00e3o, pelo que a nossa Pol\u00edtica de Privacidade poder\u00e1 ser revista. Assim, recomendamos ao utilizador uma consulta regular.<\/p>\n<p>Data da \u00faltima revis\u00e3o: 07\/05\/2021<\/p>\n<p>[\/et_pb_text][\/et_pb_column][\/et_pb_row][\/et_pb_section]<\/p>\n","protected":false},"excerpt":{"rendered":"<p>POL\u00cdTICA DE PRIVACIDADEA Campitocha, assume como sendo seu preceito, estar alinhada com princ\u00edpios que fortale\u00e7am a transpar\u00eancia e a \u00e9tica, atuando de forma respons\u00e1vel nos mercados onde se insere e nas rela\u00e7\u00f5es que estabelece, cumprindo as exig\u00eancias legais que lhe s\u00e3o aplic\u00e1veis, nas quais se inclui a prote\u00e7\u00e3o da privacidade e dos dados pessoais. No [&hellip;]<\/p>\n","protected":false},"author":1,"featured_media":0,"parent":0,"menu_order":0,"comment_status":"closed","ping_status":"closed","template":"","meta":{"_et_pb_use_builder":"on","_et_pb_old_content":"","_et_gb_content_width":""},"_links":{"self":[{"href":"https:\/\/campitocha.com\/index.php?rest_route=\/wp\/v2\/pages\/12503"}],"collection":[{"href":"https:\/\/campitocha.com\/index.php?rest_route=\/wp\/v2\/pages"}],"about":[{"href":"https:\/\/campitocha.com\/index.php?rest_route=\/wp\/v2\/types\/page"}],"author":[{"embeddable":true,"href":"https:\/\/campitocha.com\/index.php?rest_route=\/wp\/v2\/users\/1"}],"replies":[{"embeddable":true,"href":"https:\/\/campitocha.com\/index.php?rest_route=%2Fwp%2Fv2%2Fcomments&post=12503"}],"version-history":[{"count":5,"href":"https:\/\/campitocha.com\/index.php?rest_route=\/wp\/v2\/pages\/12503\/revisions"}],"predecessor-version":[{"id":12513,"href":"https:\/\/campitocha.com\/index.php?rest_route=\/wp\/v2\/pages\/12503\/revisions\/12513"}],"wp:attachment":[{"href":"https:\/\/campitocha.com\/index.php?rest_route=%2Fwp%2Fv2%2Fmedia&parent=12503"}],"curies":[{"name":"wp","href":"https:\/\/api.w.org\/{rel}","templated":true}]}}