{"id":11947,"date":"2016-05-25T20:22:41","date_gmt":"2016-05-25T20:22:41","guid":{"rendered":"http:\/\/campitocha.com\/cms\/?post_type=product&#038;p=11947"},"modified":"2017-04-26T10:17:51","modified_gmt":"2017-04-26T10:17:51","slug":"003","status":"publish","type":"product","link":"https:\/\/campitocha.com\/?product=003","title":{"rendered":"ASSADOR 003"},"content":{"rendered":"<p>Assadora em A\u00e7o Inox.<br \/>\n4 Portas de abertura.<br \/>\nF\u00e1cil manuseamento e utiliza\u00e7\u00e3o.<\/p>\n","protected":false},"excerpt":{"rendered":"<p>Assadora em A\u00e7o Inox.<\/p>\n","protected":false},"featured_media":12265,"comment_status":"open","ping_status":"closed","template":"","meta":{"_et_pb_use_builder":"","_et_pb_old_content":"","_et_gb_content_width":""},"product_cat":[49],"product_tag":[],"_links":{"self":[{"href":"https:\/\/campitocha.com\/index.php?rest_route=\/wp\/v2\/product\/11947"}],"collection":[{"href":"https:\/\/campitocha.com\/index.php?rest_route=\/wp\/v2\/product"}],"about":[{"href":"https:\/\/campitocha.com\/index.php?rest_route=\/wp\/v2\/types\/product"}],"replies":[{"embeddable":true,"href":"https:\/\/campitocha.com\/index.php?rest_route=%2Fwp%2Fv2%2Fcomments&post=11947"}],"wp:featuredmedia":[{"embeddable":true,"href":"https:\/\/campitocha.com\/index.php?rest_route=\/wp\/v2\/media\/12265"}],"wp:attachment":[{"href":"https:\/\/campitocha.com\/index.php?rest_route=%2Fwp%2Fv2%2Fmedia&parent=11947"}],"wp:term":[{"taxonomy":"product_cat","embeddable":true,"href":"https:\/\/campitocha.com\/index.php?rest_route=%2Fwp%2Fv2%2Fproduct_cat&post=11947"},{"taxonomy":"product_tag","embeddable":true,"href":"https:\/\/campitocha.com\/index.php?rest_route=%2Fwp%2Fv2%2Fproduct_tag&post=11947"}],"curies":[{"name":"wp","href":"https:\/\/api.w.org\/{rel}","templated":true}]}}