{"id":11949,"date":"2016-05-25T20:24:32","date_gmt":"2016-05-25T20:24:32","guid":{"rendered":"http:\/\/campitocha.com\/cms\/?post_type=product&#038;p=11949"},"modified":"2024-07-10T19:42:15","modified_gmt":"2024-07-10T19:42:15","slug":"005","status":"publish","type":"product","link":"https:\/\/campitocha.com\/?product=005","title":{"rendered":"ASSADOR 005"},"content":{"rendered":"<p>Assadora em A\u00e7o Inox.<br \/>\n4 Portas de abertura.<br \/>\nF\u00e1cil manuseamento e utiliza\u00e7\u00e3o.<\/p>\n","protected":false},"excerpt":{"rendered":"<p>Assadora em A\u00e7o Inox.<\/p>\n","protected":false},"featured_media":12268,"comment_status":"open","ping_status":"closed","template":"","meta":{"_et_pb_use_builder":"","_et_pb_old_content":"","_et_gb_content_width":""},"product_cat":[49],"product_tag":[],"_links":{"self":[{"href":"https:\/\/campitocha.com\/index.php?rest_route=\/wp\/v2\/product\/11949"}],"collection":[{"href":"https:\/\/campitocha.com\/index.php?rest_route=\/wp\/v2\/product"}],"about":[{"href":"https:\/\/campitocha.com\/index.php?rest_route=\/wp\/v2\/types\/product"}],"replies":[{"embeddable":true,"href":"https:\/\/campitocha.com\/index.php?rest_route=%2Fwp%2Fv2%2Fcomments&post=11949"}],"wp:featuredmedia":[{"embeddable":true,"href":"https:\/\/campitocha.com\/index.php?rest_route=\/wp\/v2\/media\/12268"}],"wp:attachment":[{"href":"https:\/\/campitocha.com\/index.php?rest_route=%2Fwp%2Fv2%2Fmedia&parent=11949"}],"wp:term":[{"taxonomy":"product_cat","embeddable":true,"href":"https:\/\/campitocha.com\/index.php?rest_route=%2Fwp%2Fv2%2Fproduct_cat&post=11949"},{"taxonomy":"product_tag","embeddable":true,"href":"https:\/\/campitocha.com\/index.php?rest_route=%2Fwp%2Fv2%2Fproduct_tag&post=11949"}],"curies":[{"name":"wp","href":"https:\/\/api.w.org\/{rel}","templated":true}]}}