{"id":12248,"date":"2017-04-26T09:47:53","date_gmt":"2017-04-26T09:47:53","guid":{"rendered":"http:\/\/campitocha.com\/cms\/?post_type=product&#038;p=12248"},"modified":"2017-04-26T09:50:56","modified_gmt":"2017-04-26T09:50:56","slug":"reboques-comerciais-005-copia","status":"publish","type":"product","link":"https:\/\/campitocha.com\/?product=reboques-comerciais-005-copia","title":{"rendered":"ESCRIT\u00d3RIO M\u00d3VEL"},"content":{"rendered":"<p>Escrit\u00f3rios m\u00f3veis<\/p>\n","protected":false},"excerpt":{"rendered":"<p>Escrit\u00f3rios m\u00f3veis<\/p>\n","protected":false},"featured_media":11864,"comment_status":"open","ping_status":"closed","template":"","meta":{"_et_pb_use_builder":"","_et_pb_old_content":"","_et_gb_content_width":""},"product_cat":[29],"product_tag":[],"_links":{"self":[{"href":"https:\/\/campitocha.com\/index.php?rest_route=\/wp\/v2\/product\/12248"}],"collection":[{"href":"https:\/\/campitocha.com\/index.php?rest_route=\/wp\/v2\/product"}],"about":[{"href":"https:\/\/campitocha.com\/index.php?rest_route=\/wp\/v2\/types\/product"}],"replies":[{"embeddable":true,"href":"https:\/\/campitocha.com\/index.php?rest_route=%2Fwp%2Fv2%2Fcomments&post=12248"}],"wp:featuredmedia":[{"embeddable":true,"href":"https:\/\/campitocha.com\/index.php?rest_route=\/wp\/v2\/media\/11864"}],"wp:attachment":[{"href":"https:\/\/campitocha.com\/index.php?rest_route=%2Fwp%2Fv2%2Fmedia&parent=12248"}],"wp:term":[{"taxonomy":"product_cat","embeddable":true,"href":"https:\/\/campitocha.com\/index.php?rest_route=%2Fwp%2Fv2%2Fproduct_cat&post=12248"},{"taxonomy":"product_tag","embeddable":true,"href":"https:\/\/campitocha.com\/index.php?rest_route=%2Fwp%2Fv2%2Fproduct_tag&post=12248"}],"curies":[{"name":"wp","href":"https:\/\/api.w.org\/{rel}","templated":true}]}}