{"id":12249,"date":"2017-04-26T09:51:09","date_gmt":"2017-04-26T09:51:09","guid":{"rendered":"http:\/\/campitocha.com\/cms\/?post_type=product&#038;p=12249"},"modified":"2017-04-26T09:52:18","modified_gmt":"2017-04-26T09:52:18","slug":"escritorio-movel-copia","status":"publish","type":"product","link":"https:\/\/campitocha.com\/?product=escritorio-movel-copia","title":{"rendered":"ESCRIT\u00d3RIO M\u00d3VEL"},"content":{"rendered":"<p>Escrit\u00f3rios m\u00f3veis<\/p>\n","protected":false},"excerpt":{"rendered":"<p>Escrit\u00f3rios m\u00f3veis<\/p>\n","protected":false},"featured_media":11866,"comment_status":"open","ping_status":"closed","template":"","meta":{"_et_pb_use_builder":"","_et_pb_old_content":"","_et_gb_content_width":""},"product_cat":[29],"product_tag":[],"_links":{"self":[{"href":"https:\/\/campitocha.com\/index.php?rest_route=\/wp\/v2\/product\/12249"}],"collection":[{"href":"https:\/\/campitocha.com\/index.php?rest_route=\/wp\/v2\/product"}],"about":[{"href":"https:\/\/campitocha.com\/index.php?rest_route=\/wp\/v2\/types\/product"}],"replies":[{"embeddable":true,"href":"https:\/\/campitocha.com\/index.php?rest_route=%2Fwp%2Fv2%2Fcomments&post=12249"}],"wp:featuredmedia":[{"embeddable":true,"href":"https:\/\/campitocha.com\/index.php?rest_route=\/wp\/v2\/media\/11866"}],"wp:attachment":[{"href":"https:\/\/campitocha.com\/index.php?rest_route=%2Fwp%2Fv2%2Fmedia&parent=12249"}],"wp:term":[{"taxonomy":"product_cat","embeddable":true,"href":"https:\/\/campitocha.com\/index.php?rest_route=%2Fwp%2Fv2%2Fproduct_cat&post=12249"},{"taxonomy":"product_tag","embeddable":true,"href":"https:\/\/campitocha.com\/index.php?rest_route=%2Fwp%2Fv2%2Fproduct_tag&post=12249"}],"curies":[{"name":"wp","href":"https:\/\/api.w.org\/{rel}","templated":true}]}}