{"id":12310,"date":"2017-06-20T14:13:26","date_gmt":"2017-06-20T14:13:26","guid":{"rendered":"http:\/\/campitocha.com\/cms\/?post_type=product&#038;p=12310"},"modified":"2024-09-07T12:29:59","modified_gmt":"2024-09-07T12:29:59","slug":"assador-010","status":"publish","type":"product","link":"https:\/\/campitocha.com\/?product=assador-010","title":{"rendered":"ASSADOR 010"},"content":{"rendered":"<p>Assadora em A\u00e7o Inox.<br \/>\nF\u00e1cil manuseamento e utiliza\u00e7\u00e3o.<\/p>\n","protected":false},"excerpt":{"rendered":"<p>Assadora em A\u00e7o Inox.<\/p>\n","protected":false},"featured_media":12311,"comment_status":"open","ping_status":"closed","template":"","meta":{"_et_pb_use_builder":"","_et_pb_old_content":"","_et_gb_content_width":""},"product_cat":[49],"product_tag":[],"_links":{"self":[{"href":"https:\/\/campitocha.com\/index.php?rest_route=\/wp\/v2\/product\/12310"}],"collection":[{"href":"https:\/\/campitocha.com\/index.php?rest_route=\/wp\/v2\/product"}],"about":[{"href":"https:\/\/campitocha.com\/index.php?rest_route=\/wp\/v2\/types\/product"}],"replies":[{"embeddable":true,"href":"https:\/\/campitocha.com\/index.php?rest_route=%2Fwp%2Fv2%2Fcomments&post=12310"}],"wp:featuredmedia":[{"embeddable":true,"href":"https:\/\/campitocha.com\/index.php?rest_route=\/wp\/v2\/media\/12311"}],"wp:attachment":[{"href":"https:\/\/campitocha.com\/index.php?rest_route=%2Fwp%2Fv2%2Fmedia&parent=12310"}],"wp:term":[{"taxonomy":"product_cat","embeddable":true,"href":"https:\/\/campitocha.com\/index.php?rest_route=%2Fwp%2Fv2%2Fproduct_cat&post=12310"},{"taxonomy":"product_tag","embeddable":true,"href":"https:\/\/campitocha.com\/index.php?rest_route=%2Fwp%2Fv2%2Fproduct_tag&post=12310"}],"curies":[{"name":"wp","href":"https:\/\/api.w.org\/{rel}","templated":true}]}}